{"id":9,"date":"2009-09-30T00:23:22","date_gmt":"2009-09-29T23:23:22","guid":{"rendered":"http:\/\/odoroka.de\/?page_id=9"},"modified":"2025-09-17T16:39:20","modified_gmt":"2025-09-17T14:39:20","slug":"home","status":"publish","type":"page","link":"https:\/\/odoroka.de\/?page_id=9","title":{"rendered":"DR. G\u00c9ZA MELCZER-LUK\u00c0CS"},"content":{"rendered":"\n<figure class=\"wp-block-image size-large\"><a href=\"http:\/\/odoroka.de\/wp-content\/uploads\/2025\/09\/20250615_1848361-1-scaled.jpg\"><img decoding=\"async\" loading=\"lazy\" width=\"1024\" height=\"577\" src=\"http:\/\/odoroka.de\/wp-content\/uploads\/2025\/09\/20250615_1848361-1-1024x577.jpg\" alt=\"\" class=\"wp-image-992\" srcset=\"https:\/\/odoroka.de\/wp-content\/uploads\/2025\/09\/20250615_1848361-1-1024x577.jpg 1024w, https:\/\/odoroka.de\/wp-content\/uploads\/2025\/09\/20250615_1848361-1-300x169.jpg 300w, https:\/\/odoroka.de\/wp-content\/uploads\/2025\/09\/20250615_1848361-1-768x432.jpg 768w, https:\/\/odoroka.de\/wp-content\/uploads\/2025\/09\/20250615_1848361-1-1536x865.jpg 1536w, https:\/\/odoroka.de\/wp-content\/uploads\/2025\/09\/20250615_1848361-1-2048x1153.jpg 2048w\" sizes=\"(max-width: 1024px) 100vw, 1024px\" \/><\/a><\/figure>\n\n\n\n<p>Lectori salutem!<br>G\u00e9za: Regisseur, Choreograph, Schauspiellehrer, Mime, Autor.<\/p>\n\n\n\n<p>&#8222;Theater besteht aus Geheimnissen, ein Teil davon ist erlernbar. Seit 45 Jahren arbeite ich daran und daf\u00fcr.&#8220;<\/p>\n\n\n\n<p>Weitere Infos: auf YouTube: Interview G\u00e9za Melczer-Luk\u00e1cs Film 1.,2.,3.<\/p>\n\n\n\n<p>THEATERPRODUKTION<br>SCHAUSPIELFORSCHUNG UND -LEHRE<\/p>\n\n\n\n<p>Studio in Bonn: Bergstr.122, 53129 Bonn<br>Tel. &amp; Fax: 0228\/479 79 16<br>mobil: 0151 &#8211; 20589656<br>E-Mail: odoroka@gmx.de<br>geza.melczerlukacs@gmx.de<\/p>\n\n\n\n<p><iframe loading=\"lazy\" title=\"Faust in Guinea\" src=\"https:\/\/player.vimeo.com\/video\/3847194?dnt=1&amp;app_id=122963\" width=\"500\" height=\"281\" frameborder=\"0\" allow=\"autoplay; fullscreen; picture-in-picture; clipboard-write; encrypted-media; web-share\" referrerpolicy=\"strict-origin-when-cross-origin\"><\/iframe><\/p>\n\n\n\n<p><iframe loading=\"lazy\" title=\"Odoroka Theaterproduktion Don Juan Madita Wackernagel\" width=\"500\" height=\"375\" src=\"https:\/\/www.youtube.com\/embed\/MihI-7tyRww?feature=oembed\" frameborder=\"0\" allow=\"accelerometer; autoplay; clipboard-write; encrypted-media; gyroscope; picture-in-picture; web-share\" referrerpolicy=\"strict-origin-when-cross-origin\" allowfullscreen><\/iframe><\/p>\n\n\n\n<figure class=\"wp-block-image\"><img alt=\"\"\/><\/figure>\n\n\n\n<figure class=\"wp-block-image\"><img alt=\"\"\/><\/figure>\n\n\n\n<figure class=\"wp-block-image\"><img alt=\"\"\/><\/figure>\n\n\n\n<figure class=\"wp-block-image\"><img alt=\"\"\/><\/figure>\n\n\n\n<figure class=\"wp-block-image\"><img alt=\"\"\/><\/figure>\n\n\n\n<figure class=\"wp-block-image\"><img alt=\"\"\/><\/figure>\n\n\n\n<figure class=\"wp-block-image\"><img alt=\"\"\/><\/figure>\n\n\n\n<figure class=\"wp-block-image\"><img alt=\"\"\/><\/figure>\n\n\n\n<figure class=\"wp-block-image\"><img alt=\"\"\/><\/figure>\n\n\n\n<figure class=\"wp-block-image is-style-default\"><img alt=\"\"\/><\/figure>\n\n\n\n<figure class=\"wp-block-image\"><img alt=\"\"\/><\/figure>\n\n\n<ul class=\"wp-block-archives-list wp-block-archives\">\t<li><a href='https:\/\/odoroka.de\/?m=201403'>M\u00e4rz 2014<\/a><\/li>\n\t<li><a href='https:\/\/odoroka.de\/?m=201209'>September 2012<\/a><\/li>\n<\/ul>\n\n<ul class=\"wp-block-archives-list wp-block-archives\">\t<li><a href='https:\/\/odoroka.de\/?m=201403'>M\u00e4rz 2014<\/a><\/li>\n\t<li><a href='https:\/\/odoroka.de\/?m=201209'>September 2012<\/a><\/li>\n<\/ul>\n\n<ul class=\"wp-block-archives-list wp-block-archives\">\t<li><a href='https:\/\/odoroka.de\/?m=201403'>M\u00e4rz 2014<\/a><\/li>\n\t<li><a href='https:\/\/odoroka.de\/?m=201209'>September 2012<\/a><\/li>\n<\/ul>","protected":false},"excerpt":{"rendered":"<p>Lectori salutem!G\u00e9za: Regisseur, Choreograph, Schauspiellehrer, Mime, Autor. &#8222;Theater besteht aus Geheimnissen, ein Teil davon ist erlernbar. Seit 45 Jahren arbeite ich daran und daf\u00fcr.&#8220; Weitere Infos: auf YouTube: Interview G\u00e9za Melczer-Luk\u00e1cs Film 1.,2.,3. THEATERPRODUKTIONSCHAUSPIELFORSCHUNG UND -LEHRE Studio in Bonn: Bergstr.122, 53129 BonnTel. &amp; Fax: 0228\/479 79 16mobil: 0151 &#8211; 20589656E-Mail: odoroka@gmx.degeza.melczerlukacs@gmx.de<\/p>\n","protected":false},"author":1,"featured_media":0,"parent":0,"menu_order":1,"comment_status":"closed","ping_status":"closed","template":"","meta":[],"_links":{"self":[{"href":"https:\/\/odoroka.de\/index.php?rest_route=\/wp\/v2\/pages\/9"}],"collection":[{"href":"https:\/\/odoroka.de\/index.php?rest_route=\/wp\/v2\/pages"}],"about":[{"href":"https:\/\/odoroka.de\/index.php?rest_route=\/wp\/v2\/types\/page"}],"author":[{"embeddable":true,"href":"https:\/\/odoroka.de\/index.php?rest_route=\/wp\/v2\/users\/1"}],"replies":[{"embeddable":true,"href":"https:\/\/odoroka.de\/index.php?rest_route=%2Fwp%2Fv2%2Fcomments&post=9"}],"version-history":[{"count":102,"href":"https:\/\/odoroka.de\/index.php?rest_route=\/wp\/v2\/pages\/9\/revisions"}],"predecessor-version":[{"id":996,"href":"https:\/\/odoroka.de\/index.php?rest_route=\/wp\/v2\/pages\/9\/revisions\/996"}],"wp:attachment":[{"href":"https:\/\/odoroka.de\/index.php?rest_route=%2Fwp%2Fv2%2Fmedia&parent=9"}],"curies":[{"name":"wp","href":"https:\/\/api.w.org\/{rel}","templated":true}]}}